{"id":264,"date":"2023-09-30T11:00:34","date_gmt":"2023-09-30T09:00:34","guid":{"rendered":"http:\/\/borne-photo-toulouse.fr\/?page_id=264"},"modified":"2023-10-03T21:48:54","modified_gmt":"2023-10-03T19:48:54","slug":"prestations-et-tarifs","status":"publish","type":"page","link":"https:\/\/borne-photo-toulouse.fr\/?page_id=264","title":{"rendered":"Prestations et Tarifs"},"content":{"rendered":"\t\t<div data-elementor-type=\"wp-page\" data-elementor-id=\"264\" class=\"elementor elementor-264\">\n\t\t\t\t\t\t\t\t\t<section class=\"elementor-section elementor-top-section elementor-element elementor-element-0cca1e3 elementor-section-boxed elementor-section-height-default elementor-section-height-default\" data-id=\"0cca1e3\" data-element_type=\"section\">\n\t\t\t\t\t\t<div class=\"elementor-container elementor-column-gap-default\">\n\t\t\t\t\t<div class=\"elementor-column elementor-col-100 elementor-top-column elementor-element elementor-element-2b05dc5\" data-id=\"2b05dc5\" data-element_type=\"column\">\n\t\t\t<div class=\"elementor-widget-wrap elementor-element-populated\">\n\t\t\t\t\t\t\t\t<div class=\"elementor-element elementor-element-56c4085 elementor-widget elementor-widget-heading\" data-id=\"56c4085\" data-element_type=\"widget\" data-widget_type=\"heading.default\">\n\t\t\t\t<div class=\"elementor-widget-container\">\n\t\t\t<style>\/*! elementor - v3.14.0 - 26-06-2023 *\/\n.elementor-heading-title{padding:0;margin:0;line-height:1}.elementor-widget-heading .elementor-heading-title[class*=elementor-size-]>a{color:inherit;font-size:inherit;line-height:inherit}.elementor-widget-heading .elementor-heading-title.elementor-size-small{font-size:15px}.elementor-widget-heading .elementor-heading-title.elementor-size-medium{font-size:19px}.elementor-widget-heading .elementor-heading-title.elementor-size-large{font-size:29px}.elementor-widget-heading .elementor-heading-title.elementor-size-xl{font-size:39px}.elementor-widget-heading .elementor-heading-title.elementor-size-xxl{font-size:59px}<\/style><h2 class=\"elementor-heading-title elementor-size-default\">Tarifs de location <\/h2>\t\t<\/div>\n\t\t\t\t<\/div>\n\t\t\t\t\t<\/div>\n\t\t<\/div>\n\t\t\t\t\t\t\t<\/div>\n\t\t<\/section>\n\t\t\t\t<section class=\"elementor-section elementor-top-section elementor-element elementor-element-5b70d8d elementor-section-boxed elementor-section-height-default elementor-section-height-default\" data-id=\"5b70d8d\" data-element_type=\"section\">\n\t\t\t\t\t\t<div class=\"elementor-container elementor-column-gap-default\">\n\t\t\t\t\t<div class=\"elementor-column elementor-col-100 elementor-top-column elementor-element elementor-element-2644d45\" data-id=\"2644d45\" data-element_type=\"column\">\n\t\t\t<div class=\"elementor-widget-wrap elementor-element-populated\">\n\t\t\t\t\t\t\t\t<div class=\"elementor-element elementor-element-3fe9eb6 elementor-widget elementor-widget-spacer\" data-id=\"3fe9eb6\" data-element_type=\"widget\" data-widget_type=\"spacer.default\">\n\t\t\t\t<div class=\"elementor-widget-container\">\n\t\t\t<style>\/*! elementor - v3.14.0 - 26-06-2023 *\/\n.elementor-column .elementor-spacer-inner{height:var(--spacer-size)}.e-con{--container-widget-width:100%}.e-con-inner>.elementor-widget-spacer,.e-con>.elementor-widget-spacer{width:var(--container-widget-width,var(--spacer-size));--align-self:var(--container-widget-align-self,initial);--flex-shrink:0}.e-con-inner>.elementor-widget-spacer>.elementor-widget-container,.e-con-inner>.elementor-widget-spacer>.elementor-widget-container>.elementor-spacer,.e-con>.elementor-widget-spacer>.elementor-widget-container,.e-con>.elementor-widget-spacer>.elementor-widget-container>.elementor-spacer{height:100%}.e-con-inner>.elementor-widget-spacer>.elementor-widget-container>.elementor-spacer>.elementor-spacer-inner,.e-con>.elementor-widget-spacer>.elementor-widget-container>.elementor-spacer>.elementor-spacer-inner{height:var(--container-widget-height,var(--spacer-size))}<\/style>\t\t<div class=\"elementor-spacer\">\n\t\t\t<div class=\"elementor-spacer-inner\"><\/div>\n\t\t<\/div>\n\t\t\t\t<\/div>\n\t\t\t\t<\/div>\n\t\t\t\t\t<\/div>\n\t\t<\/div>\n\t\t\t\t\t\t\t<\/div>\n\t\t<\/section>\n\t\t\t\t<section class=\"elementor-section elementor-top-section elementor-element elementor-element-0957978 elementor-section-boxed elementor-section-height-default elementor-section-height-default\" data-id=\"0957978\" data-element_type=\"section\">\n\t\t\t\t\t\t<div class=\"elementor-container elementor-column-gap-default\">\n\t\t\t\t\t<div class=\"elementor-column elementor-col-33 elementor-top-column elementor-element elementor-element-0543329\" data-id=\"0543329\" data-element_type=\"column\">\n\t\t\t<div class=\"elementor-widget-wrap elementor-element-populated\">\n\t\t\t\t\t\t\t\t<div class=\"elementor-element elementor-element-289e968 elementor-widget elementor-widget-heading\" data-id=\"289e968\" data-element_type=\"widget\" data-widget_type=\"heading.default\">\n\t\t\t\t<div class=\"elementor-widget-container\">\n\t\t\t<h2 class=\"elementor-heading-title elementor-size-default\">PACK HAPPY<\/h2>\t\t<\/div>\n\t\t\t\t<\/div>\n\t\t\t\t<div class=\"elementor-element elementor-element-68c1e83 elementor-widget elementor-widget-text-editor\" data-id=\"68c1e83\" data-element_type=\"widget\" data-widget_type=\"text-editor.default\">\n\t\t\t\t<div class=\"elementor-widget-container\">\n\t\t\t<style>\/*! elementor - v3.14.0 - 26-06-2023 *\/\n.elementor-widget-text-editor.elementor-drop-cap-view-stacked .elementor-drop-cap{background-color:#69727d;color:#fff}.elementor-widget-text-editor.elementor-drop-cap-view-framed .elementor-drop-cap{color:#69727d;border:3px solid;background-color:transparent}.elementor-widget-text-editor:not(.elementor-drop-cap-view-default) .elementor-drop-cap{margin-top:8px}.elementor-widget-text-editor:not(.elementor-drop-cap-view-default) .elementor-drop-cap-letter{width:1em;height:1em}.elementor-widget-text-editor .elementor-drop-cap{float:left;text-align:center;line-height:1;font-size:50px}.elementor-widget-text-editor .elementor-drop-cap-letter{display:inline-block}<\/style>\t\t\t\t<p>150 tirages <br \/>au format 10&#215;15 ou 300 5&#215;15 <br \/>(bandelettes photomaton)<br \/>Location sur 24h <br \/>ou du samedi au dimanche<br \/>Photos num\u00e9riques illimit\u00e9es<br \/>Template personnalisable<br \/>Galerie en ligne 48h apr\u00e8s l&rsquo;\u00e9v\u00e8nement<br \/><br \/><\/p><h1>250\u20ac<\/h1>\t\t\t\t\t\t<\/div>\n\t\t\t\t<\/div>\n\t\t\t\t\t<\/div>\n\t\t<\/div>\n\t\t\t\t<div class=\"elementor-column elementor-col-33 elementor-top-column elementor-element elementor-element-9767144\" data-id=\"9767144\" data-element_type=\"column\">\n\t\t\t<div class=\"elementor-widget-wrap elementor-element-populated\">\n\t\t\t\t\t\t\t\t<div class=\"elementor-element elementor-element-1f199a9 elementor-widget elementor-widget-heading\" data-id=\"1f199a9\" data-element_type=\"widget\" data-widget_type=\"heading.default\">\n\t\t\t\t<div class=\"elementor-widget-container\">\n\t\t\t<h2 class=\"elementor-heading-title elementor-size-default\">PACK ENJOY<\/h2>\t\t<\/div>\n\t\t\t\t<\/div>\n\t\t\t\t<div class=\"elementor-element elementor-element-96444ad elementor-widget elementor-widget-text-editor\" data-id=\"96444ad\" data-element_type=\"widget\" data-widget_type=\"text-editor.default\">\n\t\t\t\t<div class=\"elementor-widget-container\">\n\t\t\t\t\t\t\t<p>300 tirages <br \/>au format 10&#215;15 ou 600 5&#215;15 <br \/>(bandelettes photomaton)<br \/>Location sur 24h <br \/>ou du samedi au dimanche<br \/>Photos num\u00e9riques illimit\u00e9es<br \/>Template personnalisable<br \/>Galerie en ligne 48h apr\u00e8s l&rsquo;\u00e9v\u00e8nement<\/p><p>\u00a0<\/p><h1>350\u20ac<\/h1>\t\t\t\t\t\t<\/div>\n\t\t\t\t<\/div>\n\t\t\t\t\t<\/div>\n\t\t<\/div>\n\t\t\t\t<div class=\"elementor-column elementor-col-33 elementor-top-column elementor-element elementor-element-0c3a0c1\" data-id=\"0c3a0c1\" data-element_type=\"column\">\n\t\t\t<div class=\"elementor-widget-wrap elementor-element-populated\">\n\t\t\t\t\t\t\t\t<div class=\"elementor-element elementor-element-cf54f2b elementor-widget elementor-widget-heading\" data-id=\"cf54f2b\" data-element_type=\"widget\" data-widget_type=\"heading.default\">\n\t\t\t\t<div class=\"elementor-widget-container\">\n\t\t\t<h2 class=\"elementor-heading-title elementor-size-default\">PACK CRAZY<\/h2>\t\t<\/div>\n\t\t\t\t<\/div>\n\t\t\t\t<div class=\"elementor-element elementor-element-9f8e7d2 elementor-widget elementor-widget-text-editor\" data-id=\"9f8e7d2\" data-element_type=\"widget\" data-widget_type=\"text-editor.default\">\n\t\t\t\t<div class=\"elementor-widget-container\">\n\t\t\t\t\t\t\t<p>400 tirages <br \/>au format 10&#215;15 ou 800 5&#215;15 <br \/>(bandelettes photomaton)<br \/>Location sur 24h<br \/>ou du samedi au dimanche<br \/>Photos num\u00e9riques illimit\u00e9es<br \/>Template personnalisable<br \/>Galerie en ligne 48h apr\u00e8s l&rsquo;\u00e9v\u00e8nement<\/p><p>\u00a0<\/p><h1>410\u20ac<\/h1>\t\t\t\t\t\t<\/div>\n\t\t\t\t<\/div>\n\t\t\t\t\t<\/div>\n\t\t<\/div>\n\t\t\t\t\t\t\t<\/div>\n\t\t<\/section>\n\t\t\t\t<section class=\"elementor-section elementor-top-section elementor-element elementor-element-d2c7924 elementor-section-boxed elementor-section-height-default elementor-section-height-default\" data-id=\"d2c7924\" data-element_type=\"section\">\n\t\t\t\t\t\t<div class=\"elementor-container elementor-column-gap-default\">\n\t\t\t\t\t<div class=\"elementor-column elementor-col-100 elementor-top-column elementor-element elementor-element-dcead72\" data-id=\"dcead72\" data-element_type=\"column\">\n\t\t\t<div class=\"elementor-widget-wrap elementor-element-populated\">\n\t\t\t\t\t\t\t\t<div class=\"elementor-element elementor-element-faffbd8 elementor-widget elementor-widget-spacer\" data-id=\"faffbd8\" data-element_type=\"widget\" data-widget_type=\"spacer.default\">\n\t\t\t\t<div class=\"elementor-widget-container\">\n\t\t\t\t\t<div class=\"elementor-spacer\">\n\t\t\t<div class=\"elementor-spacer-inner\"><\/div>\n\t\t<\/div>\n\t\t\t\t<\/div>\n\t\t\t\t<\/div>\n\t\t\t\t\t<\/div>\n\t\t<\/div>\n\t\t\t\t\t\t\t<\/div>\n\t\t<\/section>\n\t\t\t\t<section class=\"elementor-section elementor-top-section elementor-element elementor-element-0474b91 elementor-section-boxed elementor-section-height-default elementor-section-height-default\" data-id=\"0474b91\" data-element_type=\"section\">\n\t\t\t\t\t\t<div class=\"elementor-container elementor-column-gap-default\">\n\t\t\t\t\t<div class=\"elementor-column elementor-col-50 elementor-top-column elementor-element elementor-element-751486c\" data-id=\"751486c\" data-element_type=\"column\">\n\t\t\t<div class=\"elementor-widget-wrap elementor-element-populated\">\n\t\t\t\t\t\t\t\t<div class=\"elementor-element elementor-element-a73c6c5 elementor-widget elementor-widget-heading\" data-id=\"a73c6c5\" data-element_type=\"widget\" data-widget_type=\"heading.default\">\n\t\t\t\t<div class=\"elementor-widget-container\">\n\t\t\t<h2 class=\"elementor-heading-title elementor-size-default\">COMPRIS DANS NOS TARIFS<\/h2>\t\t<\/div>\n\t\t\t\t<\/div>\n\t\t\t\t<div class=\"elementor-element elementor-element-62860f2 elementor-widget elementor-widget-text-editor\" data-id=\"62860f2\" data-element_type=\"widget\" data-widget_type=\"text-editor.default\">\n\t\t\t\t<div class=\"elementor-widget-container\">\n\t\t\t\t\t\t\t<p>Location du photobooth pour une dur\u00e9e de 24h \u00e0 48h<\/p><p>Template personnalis\u00e9 (cadre photo et page d\u2019accueil de la tablette)<\/p><p>Photos num\u00e9rique illimit\u00e9es<\/p><p>Galerie en ligne priv\u00e9e 48h apr\u00e8s l\u2019\u00e9v\u00e8nement<\/p><p>Envoi de toutes les photos par mail en HD<\/p><p>\u00a0<\/p>\t\t\t\t\t\t<\/div>\n\t\t\t\t<\/div>\n\t\t\t\t\t<\/div>\n\t\t<\/div>\n\t\t\t\t<div class=\"elementor-column elementor-col-50 elementor-top-column elementor-element elementor-element-76fe62e\" data-id=\"76fe62e\" data-element_type=\"column\">\n\t\t\t<div class=\"elementor-widget-wrap elementor-element-populated\">\n\t\t\t\t\t\t\t\t<div class=\"elementor-element elementor-element-49b70e8 elementor-widget elementor-widget-image\" data-id=\"49b70e8\" data-element_type=\"widget\" data-widget_type=\"image.default\">\n\t\t\t\t<div class=\"elementor-widget-container\">\n\t\t\t<style>\/*! elementor - v3.14.0 - 26-06-2023 *\/\n.elementor-widget-image{text-align:center}.elementor-widget-image a{display:inline-block}.elementor-widget-image a img[src$=\".svg\"]{width:48px}.elementor-widget-image img{vertical-align:middle;display:inline-block}<\/style>\t\t\t\t\t\t\t\t\t\t\t\t<img loading=\"lazy\" decoding=\"async\" width=\"800\" height=\"534\" src=\"https:\/\/borne-photo-toulouse.fr\/wp-content\/uploads\/2023\/09\/20230723_012451_585_IMG_2635_20230723_012449_3600-1024x683.jpg\" class=\"attachment-large size-large wp-image-229\" alt=\"\" srcset=\"https:\/\/borne-photo-toulouse.fr\/wp-content\/uploads\/2023\/09\/20230723_012451_585_IMG_2635_20230723_012449_3600-1024x683.jpg 1024w, https:\/\/borne-photo-toulouse.fr\/wp-content\/uploads\/2023\/09\/20230723_012451_585_IMG_2635_20230723_012449_3600-300x200.jpg 300w, https:\/\/borne-photo-toulouse.fr\/wp-content\/uploads\/2023\/09\/20230723_012451_585_IMG_2635_20230723_012449_3600-768x512.jpg 768w, https:\/\/borne-photo-toulouse.fr\/wp-content\/uploads\/2023\/09\/20230723_012451_585_IMG_2635_20230723_012449_3600-1536x1024.jpg 1536w, https:\/\/borne-photo-toulouse.fr\/wp-content\/uploads\/2023\/09\/20230723_012451_585_IMG_2635_20230723_012449_3600-2048x1365.jpg 2048w\" sizes=\"auto, (max-width: 800px) 100vw, 800px\" \/>\t\t\t\t\t\t\t\t\t\t\t\t\t\t\t<\/div>\n\t\t\t\t<\/div>\n\t\t\t\t\t<\/div>\n\t\t<\/div>\n\t\t\t\t\t\t\t<\/div>\n\t\t<\/section>\n\t\t\t\t<section class=\"elementor-section elementor-top-section elementor-element elementor-element-7a3fdf0 elementor-section-boxed elementor-section-height-default elementor-section-height-default\" data-id=\"7a3fdf0\" data-element_type=\"section\">\n\t\t\t\t\t\t<div class=\"elementor-container elementor-column-gap-default\">\n\t\t\t\t\t<div class=\"elementor-column elementor-col-50 elementor-top-column elementor-element elementor-element-8afc7a4\" data-id=\"8afc7a4\" data-element_type=\"column\">\n\t\t\t<div class=\"elementor-widget-wrap elementor-element-populated\">\n\t\t\t\t\t\t\t\t<div class=\"elementor-element elementor-element-8e618f3 elementor-widget elementor-widget-image\" data-id=\"8e618f3\" data-element_type=\"widget\" data-widget_type=\"image.default\">\n\t\t\t\t<div class=\"elementor-widget-container\">\n\t\t\t\t\t\t\t\t\t\t\t\t\t\t\t<img loading=\"lazy\" decoding=\"async\" width=\"800\" height=\"534\" src=\"https:\/\/borne-photo-toulouse.fr\/wp-content\/uploads\/2023\/09\/IMG_0262-1024x683.jpg\" class=\"attachment-large size-large wp-image-246\" alt=\"\" srcset=\"https:\/\/borne-photo-toulouse.fr\/wp-content\/uploads\/2023\/09\/IMG_0262-1024x683.jpg 1024w, https:\/\/borne-photo-toulouse.fr\/wp-content\/uploads\/2023\/09\/IMG_0262-300x200.jpg 300w, https:\/\/borne-photo-toulouse.fr\/wp-content\/uploads\/2023\/09\/IMG_0262-768x512.jpg 768w, https:\/\/borne-photo-toulouse.fr\/wp-content\/uploads\/2023\/09\/IMG_0262-1536x1024.jpg 1536w, https:\/\/borne-photo-toulouse.fr\/wp-content\/uploads\/2023\/09\/IMG_0262-2048x1365.jpg 2048w\" sizes=\"auto, (max-width: 800px) 100vw, 800px\" \/>\t\t\t\t\t\t\t\t\t\t\t\t\t\t\t<\/div>\n\t\t\t\t<\/div>\n\t\t\t\t\t<\/div>\n\t\t<\/div>\n\t\t\t\t<div class=\"elementor-column elementor-col-50 elementor-top-column elementor-element elementor-element-1025006\" data-id=\"1025006\" data-element_type=\"column\">\n\t\t\t<div class=\"elementor-widget-wrap elementor-element-populated\">\n\t\t\t\t\t\t\t\t<div class=\"elementor-element elementor-element-86a133e elementor-widget elementor-widget-heading\" data-id=\"86a133e\" data-element_type=\"widget\" data-widget_type=\"heading.default\">\n\t\t\t\t<div class=\"elementor-widget-container\">\n\t\t\t<h2 class=\"elementor-heading-title elementor-size-default\">EN OPTIONS<\/h2>\t\t<\/div>\n\t\t\t\t<\/div>\n\t\t\t\t<div class=\"elementor-element elementor-element-02ca38b elementor-widget elementor-widget-text-editor\" data-id=\"02ca38b\" data-element_type=\"widget\" data-widget_type=\"text-editor.default\">\n\t\t\t\t<div class=\"elementor-widget-container\">\n\t\t\t\t\t\t\t<p>Location du photobooth pour le week-end (48h et +)<\/p><p>Accessoires de d\u00e9guisement<\/p><p>Cl\u00e9 USB<\/p><p>Location longue dur\u00e9e (sur devis)<\/p><p>Agrandissement photos en \u00ab p\u00eale-m\u00eale \u00bb de vos photos pr\u00e9f\u00e9r\u00e9es<\/p><p>livraison, installation et d\u00e9sinstallation\u00a0<\/p><p>R\u00e9impression de toutes vos photos<\/p>\t\t\t\t\t\t<\/div>\n\t\t\t\t<\/div>\n\t\t\t\t\t<\/div>\n\t\t<\/div>\n\t\t\t\t\t\t\t<\/div>\n\t\t<\/section>\n\t\t\t\t<section class=\"elementor-section elementor-top-section elementor-element elementor-element-fe3b84e elementor-section-boxed elementor-section-height-default elementor-section-height-default\" data-id=\"fe3b84e\" data-element_type=\"section\">\n\t\t\t\t\t\t<div class=\"elementor-container elementor-column-gap-default\">\n\t\t\t\t\t<div class=\"elementor-column elementor-col-100 elementor-top-column elementor-element elementor-element-a5a8eab\" data-id=\"a5a8eab\" data-element_type=\"column\">\n\t\t\t<div class=\"elementor-widget-wrap elementor-element-populated\">\n\t\t\t\t\t\t\t\t<div class=\"elementor-element elementor-element-1a7e449 elementor-widget elementor-widget-spacer\" data-id=\"1a7e449\" data-element_type=\"widget\" data-widget_type=\"spacer.default\">\n\t\t\t\t<div class=\"elementor-widget-container\">\n\t\t\t\t\t<div class=\"elementor-spacer\">\n\t\t\t<div class=\"elementor-spacer-inner\"><\/div>\n\t\t<\/div>\n\t\t\t\t<\/div>\n\t\t\t\t<\/div>\n\t\t\t\t\t<\/div>\n\t\t<\/div>\n\t\t\t\t\t\t\t<\/div>\n\t\t<\/section>\n\t\t\t\t<section class=\"elementor-section elementor-top-section elementor-element elementor-element-eee21ba elementor-section-boxed elementor-section-height-default elementor-section-height-default\" data-id=\"eee21ba\" data-element_type=\"section\">\n\t\t\t\t\t\t<div class=\"elementor-container elementor-column-gap-default\">\n\t\t\t\t\t<div class=\"elementor-column elementor-col-100 elementor-top-column elementor-element elementor-element-835b5ee\" data-id=\"835b5ee\" data-element_type=\"column\">\n\t\t\t<div class=\"elementor-widget-wrap elementor-element-populated\">\n\t\t\t\t\t\t\t\t<div class=\"elementor-element elementor-element-160ce48 elementor-widget elementor-widget-heading\" data-id=\"160ce48\" data-element_type=\"widget\" data-widget_type=\"heading.default\">\n\t\t\t\t<div class=\"elementor-widget-container\">\n\t\t\t<h2 class=\"elementor-heading-title elementor-size-default\">Devis personnalis\u00e9<\/h2>\t\t<\/div>\n\t\t\t\t<\/div>\n\t\t\t\t<div class=\"elementor-element elementor-element-b1ef4b2 elementor-widget elementor-widget-text-editor\" data-id=\"b1ef4b2\" data-element_type=\"widget\" data-widget_type=\"text-editor.default\">\n\t\t\t\t<div class=\"elementor-widget-container\">\n\t\t\t\t\t\t\t<p>Votre evenement necessite un devis personnalis\u00e9 ?<\/p><p>N&rsquo;h\u00e9sitez pas \u00e0 nous contacter et \u00e0 nous d\u00e9tailler vos besoins, notre \u00e9quipe est \u00e0 votre \u00e9coute et vous conseillera en fonctions de vos besoins.\u00a0<\/p>\t\t\t\t\t\t<\/div>\n\t\t\t\t<\/div>\n\t\t\t\t\t<\/div>\n\t\t<\/div>\n\t\t\t\t\t\t\t<\/div>\n\t\t<\/section>\n\t\t\t\t\t\t\t<\/div>\n\t\t","protected":false},"excerpt":{"rendered":"<p>Tarifs de location PACK HAPPY 150 tirages au format 10&#215;15 ou 300 5&#215;15 (bandelettes photomaton)Location sur 24h ou du samedi au dimanchePhotos num\u00e9riques illimit\u00e9esTemplate personnalisableGalerie en ligne 48h apr\u00e8s l&rsquo;\u00e9v\u00e8nement 250\u20ac PACK ENJOY 300 tirages au format 10&#215;15 ou 600 5&#215;15 (bandelettes photomaton)Location sur 24h ou du samedi au dimanchePhotos num\u00e9riques illimit\u00e9esTemplate personnalisableGalerie en ligne [&hellip;]<\/p>\n","protected":false},"author":1,"featured_media":0,"parent":0,"menu_order":0,"comment_status":"closed","ping_status":"closed","template":"","meta":{"_themeisle_gutenberg_block_has_review":false,"footnotes":""},"class_list":["post-264","page","type-page","status-publish","hentry"],"_links":{"self":[{"href":"https:\/\/borne-photo-toulouse.fr\/index.php?rest_route=\/wp\/v2\/pages\/264","targetHints":{"allow":["GET"]}}],"collection":[{"href":"https:\/\/borne-photo-toulouse.fr\/index.php?rest_route=\/wp\/v2\/pages"}],"about":[{"href":"https:\/\/borne-photo-toulouse.fr\/index.php?rest_route=\/wp\/v2\/types\/page"}],"author":[{"embeddable":true,"href":"https:\/\/borne-photo-toulouse.fr\/index.php?rest_route=\/wp\/v2\/users\/1"}],"replies":[{"embeddable":true,"href":"https:\/\/borne-photo-toulouse.fr\/index.php?rest_route=%2Fwp%2Fv2%2Fcomments&post=264"}],"version-history":[{"count":25,"href":"https:\/\/borne-photo-toulouse.fr\/index.php?rest_route=\/wp\/v2\/pages\/264\/revisions"}],"predecessor-version":[{"id":305,"href":"https:\/\/borne-photo-toulouse.fr\/index.php?rest_route=\/wp\/v2\/pages\/264\/revisions\/305"}],"wp:attachment":[{"href":"https:\/\/borne-photo-toulouse.fr\/index.php?rest_route=%2Fwp%2Fv2%2Fmedia&parent=264"}],"curies":[{"name":"wp","href":"https:\/\/api.w.org\/{rel}","templated":true}]}}